{"id":12,"date":"2015-06-14T15:13:32","date_gmt":"2015-06-14T13:13:32","guid":{"rendered":"http:\/\/entwicklung.switwork.ch\/swissintertax\/en\/?page_id=12"},"modified":"2021-11-15T11:13:58","modified_gmt":"2021-11-15T10:13:58","slug":"publications-subscription","status":"publish","type":"page","link":"https:\/\/swissintertax.ch\/en\/publications-subscription\/","title":{"rendered":"Publications &#8211; Subscription"},"content":{"rendered":"<div class=\"fusion-fullwidth fullwidth-box fusion-builder-row-1 hundred-percent-fullwidth non-hundred-percent-height-scrolling\" style=\"--awb-border-radius-top-left:0px;--awb-border-radius-top-right:0px;--awb-border-radius-bottom-right:0px;--awb-border-radius-bottom-left:0px;--awb-overflow:visible;--awb-flex-wrap:wrap;\" ><div class=\"fusion-builder-row fusion-row\"><div class=\"fusion-layout-column fusion_builder_column fusion-builder-column-0 fusion_builder_column_1_1 1_1 fusion-one-full fusion-column-first fusion-column-last\" style=\"--awb-bg-size:cover;\"><div class=\"fusion-column-wrapper fusion-flex-column-wrapper-legacy\"><div class=\"fusion-title title fusion-title-1 sep-underline sep-solid fusion-title-text fusion-title-size-one\" style=\"--awb-margin-top-small:10px;--awb-margin-right-small:0px;--awb-margin-bottom-small:10px;--awb-margin-left-small:0px;--awb-sep-color:#000000;\"><h1 class=\"fusion-title-heading title-heading-left\" style=\"margin:0;\">Publications \/ Subscription<\/h1><\/div><div class=\"fusion-text fusion-text-1\"><\/div><div class=\"fusion-clearfix\"><\/div><\/div><\/div><div class=\"fusion-layout-column fusion_builder_column fusion-builder-column-1 fusion_builder_column_1_1 1_1 fusion-one-full fusion-column-first fusion-column-last\" style=\"--awb-bg-size:cover;\"><div class=\"fusion-column-wrapper fusion-flex-column-wrapper-legacy\"><div class=\"fusion-tabs fusion-tabs-1 classic nav-is-justified horizontal-tabs icon-position-left mobile-mode-accordion\" style=\"--awb-title-border-radius-top-left:0px;--awb-title-border-radius-top-right:0px;--awb-title-border-radius-bottom-right:0px;--awb-title-border-radius-bottom-left:0px;--awb-inactive-color:#ebeaea;--awb-background-color:#e0e0e0;--awb-border-color:#e0e0e0;--awb-active-border-color:#1a80b6;\"><div class=\"nav\"><ul class=\"nav-tabs nav-justified\" role=\"tablist\"><li class=\"active\" role=\"presentation\"><a class=\"tab-link\" data-toggle=\"tab\" role=\"tab\" aria-controls=\"tab-6f6ee187422a753bb8d\" aria-selected=\"true\" id=\"fusion-tab-books\" href=\"#tab-6f6ee187422a753bb8d\"><h4 class=\"fusion-tab-heading\">Books<\/h4><\/a><\/li><li role=\"presentation\"><a class=\"tab-link\" data-toggle=\"tab\" role=\"tab\" aria-controls=\"tab-fab2673340560c56bcc\" aria-selected=\"false\" tabindex=\"-1\" id=\"fusion-tab-essays\" href=\"#tab-fab2673340560c56bcc\"><h4 class=\"fusion-tab-heading\">Essays<\/h4><\/a><\/li><li role=\"presentation\"><a class=\"tab-link\" data-toggle=\"tab\" role=\"tab\" aria-controls=\"tab-844d235e6a8e422ad1d\" aria-selected=\"false\" tabindex=\"-1\" id=\"fusion-tab-subscription-service\" href=\"#tab-844d235e6a8e422ad1d\"><h4 class=\"fusion-tab-heading\">Subscription - Service<\/h4><\/a><\/li><\/ul><\/div><div class=\"tab-content\"><div class=\"nav fusion-mobile-tab-nav\"><ul class=\"nav-tabs nav-justified\" role=\"tablist\"><li class=\"active\" role=\"presentation\"><a class=\"tab-link\" data-toggle=\"tab\" role=\"tab\" aria-controls=\"tab-6f6ee187422a753bb8d\" aria-selected=\"true\" id=\"mobile-fusion-tab-books\" href=\"#tab-6f6ee187422a753bb8d\"><h4 class=\"fusion-tab-heading\">Books<\/h4><\/a><\/li><\/ul><\/div><div class=\"tab-pane fade fusion-clearfix in active\" role=\"tabpanel\" tabindex=\"0\" aria-labelledby=\"fusion-tab-books\" id=\"tab-6f6ee187422a753bb8d\">\n<ul>\n<li>Kommentar zum harmonisierten Z\u00fcrcher Steuergesetz, 2. Auflage Z\u00fcrich 2006<\/li>\n<li>Handkommentar zum DBG, Z\u00fcrich 2003<\/li>\n<li>Kommentar zum Z\u00fcrcher Erbschafts- und Schenkungssteuergesetz, Z\u00fcrich 1996<\/li>\n<li>Schweizerisches Steuerlexikon, Band I (Direkte Bundessteuer), 2. Auflage Z\u00fcrich 2006<\/li>\n<li>Kleiner Merkur, Band I (Steuern und andere Fiskalabgaben), 8. Auflage Z\u00fcrich 2003<\/li>\n<li>Der Grundst\u00fcckkauf (Steuern und andere Abgaben beim Grundst\u00fcckkauf), 2. Auflage Bern 2001<\/li>\n<li>Aktuelle Fragen aus dem Vereinsrecht (Vereine im Steuerrecht, insbesondere Steuerbefreiungen), Z\u00fcrich 2005<\/li>\n<\/ul>\n<\/div><div class=\"nav fusion-mobile-tab-nav\"><ul class=\"nav-tabs nav-justified\" role=\"tablist\"><li role=\"presentation\"><a class=\"tab-link\" data-toggle=\"tab\" role=\"tab\" aria-controls=\"tab-fab2673340560c56bcc\" aria-selected=\"false\" tabindex=\"-1\" id=\"mobile-fusion-tab-essays\" href=\"#tab-fab2673340560c56bcc\"><h4 class=\"fusion-tab-heading\">Essays<\/h4><\/a><\/li><\/ul><\/div><div class=\"tab-pane fade fusion-clearfix\" role=\"tabpanel\" tabindex=\"0\" aria-labelledby=\"fusion-tab-essays\" id=\"tab-fab2673340560c56bcc\">\n<ul>\n<li>Flat Tax \u2013 Was w\u00fcrde das f\u00fcr die Schweiz bedeuten?, Archiv f\u00fcr Schweizerisches Abgaberecht 73, 593\u2013639<\/li>\n<li>Rekurs- und Beschwerdeverfahren f\u00fcr die Staats- und Gemeindesteuern im Kanton Z\u00fcrich, Z\u00fcrcher Steuerpraxis 2005, 1\u201324<\/li>\n<li>Der Liegenschaftenh\u00e4ndler im Kanton Z\u00fcrich, Z\u00fcrcher Steuerpraxis 2004, 175\u2013192 und 271\u2013289<\/li>\n<li>Steuern bei Ersatzbeschaffungen von Grundst\u00fccken, Schweizerische Zeitschrift f\u00fcr Beurkundungs- und Grundbuchrecht 2004, 77\u201386<\/li>\n<li>Ver\u00e4usserung von Grundst\u00fccken in wirtschaftlichen Zwangslagen, Z\u00fcrcher Steuerpraxis 2003, 311\u2013329<\/li>\n<li>Nicht r\u00fcckkaufsf\u00e4hige private Kapitalversicherungen, Z\u00fcrcher Steuerpraxis 2003, 199\u2013212<\/li>\n<li>Bildungskosten, Z\u00fcrcher Steuerpraxis 2002, 175\u2013191 und 270\u2013296<\/li>\n<li>Zusammenrechnung und Kettenhandel, Z\u00fcrcher Steuerpraxis 2001, 1\u201321<\/li>\n<li>Pauschalbesteuerung, Z\u00fcrcher Steuerpraxis 2000, 1\u201317<\/li>\n<li>Ist die Verm\u00f6genssteuer gerechtfertigt?, Z\u00fcrcher Steuerpraxis 1999, 181\u2013211<\/li>\n<li>Die Erbenholding im Steuerrecht, Z\u00fcrcher Steuerpraxis 1998, 1\u201322<\/li>\n<li>Das neue Z\u00fcrcher Steuergesetz, Z\u00fcrcher Steuerpraxis 1997, 1\u201322<\/li>\n<li>Steuerbefreiung von Krankenversicherern, Z\u00fcrcher Steuerpraxis 1996, 159\u2013182<\/li>\n<li>Abzugsf\u00e4higkeit von Kinderbetreuungskosten, Z\u00fcrcher Steuerpraxis 1995, 255\u2013276<\/li>\n<li>Das k\u00fcnftige Z\u00fcrcher Steuerstrafrecht, Z\u00fcrcher Steuerpraxis 1994, 79\u201395<\/li>\n<li>Besteuerung in der 2. und 3. S\u00e4ule \u2013 jetzt und in der Zukunft, Schweizerische Versicherungs-Zeitschrift 1994, 175\u2013180<\/li>\n<li>Zeitpunkt des Zufliessens von Leistungen aus der beruflichen Vorsorge und der gebundenen Selbstvorsorge, ASA 62 (1993\/94), 513\u2013541<\/li>\n<li>Wandel und Tendenzen im Z\u00fcrcher Steuerhinterziehungsrecht, ASA 61 (1992\/93), 557\u2013611<\/li>\n<li>Die Grundst\u00fcckgewinnsteuer und die Hand\u00e4nderungssteuer im Kanton Z\u00fcrich, Z\u00fcrcher Steuerpraxis 1992 ff<\/li>\n<li>Die Strafbarkeit der juristischen Person im Steuerhinterziehungsverfahren, ASA 59 (1990\/91), 441\u2013459<\/li>\n<li>Entscheide betreffend kantonale Abgaben, ASA seit 1991<\/li>\n<li>Das Internationale Erbschaftssteuerrecht der Schweiz, ASA 69 (2000\/01), 129\u2013173<\/li>\n<\/ul>\n<\/div><div class=\"nav fusion-mobile-tab-nav\"><ul class=\"nav-tabs nav-justified\" role=\"tablist\"><li role=\"presentation\"><a class=\"tab-link\" data-toggle=\"tab\" role=\"tab\" aria-controls=\"tab-844d235e6a8e422ad1d\" aria-selected=\"false\" tabindex=\"-1\" id=\"mobile-fusion-tab-subscription-service\" href=\"#tab-844d235e6a8e422ad1d\"><h4 class=\"fusion-tab-heading\">Subscription - Service<\/h4><\/a><\/li><\/ul><\/div><div class=\"tab-pane fade fusion-clearfix\" role=\"tabpanel\" tabindex=\"0\" aria-labelledby=\"fusion-tab-subscription-service\" id=\"tab-844d235e6a8e422ad1d\">\n<p>If you would like to subscribe to the magazine \u201cZ\u00fcrcher Steuerpraxis\u201d, which appears four times a year since 1992, you can do it with the following form on this site:<\/p>\n\n<div class=\"wpcf7 no-js\" id=\"wpcf7-f37-o1\" lang=\"en-US\" dir=\"ltr\" data-wpcf7-id=\"37\">\n<div class=\"screen-reader-response\"><p role=\"status\" aria-live=\"polite\" aria-atomic=\"true\"><\/p> <ul><\/ul><\/div>\n<form action=\"\/en\/wp-json\/wp\/v2\/pages\/12#wpcf7-f37-o1\" method=\"post\" class=\"wpcf7-form init wpcf7-acceptance-as-validation\" aria-label=\"Contact form\" enctype=\"multipart\/form-data\" novalidate=\"novalidate\" data-status=\"init\">\n<fieldset class=\"hidden-fields-container\"><input type=\"hidden\" name=\"_wpcf7\" value=\"37\" \/><input type=\"hidden\" name=\"_wpcf7_version\" value=\"6.1.5\" \/><input type=\"hidden\" name=\"_wpcf7_locale\" value=\"en_US\" \/><input type=\"hidden\" name=\"_wpcf7_unit_tag\" value=\"wpcf7-f37-o1\" \/><input type=\"hidden\" name=\"_wpcf7_container_post\" value=\"0\" \/><input type=\"hidden\" name=\"_wpcf7_posted_data_hash\" value=\"\" \/><input type=\"hidden\" name=\"_wpcf7_recaptcha_response\" value=\"\" \/>\n<\/fieldset>\n<p>I would like to subscribe to the magazine \"Z\u00fcrcher Steuerpraxis\", from year\n<\/p>\n<p><span class=\"wpcf7-form-control-wrap\" data-name=\"Jahrgang\"><select class=\"wpcf7-form-control wpcf7-select wpcf7-validates-as-required jahrgang\" id=\"jahrgang\" aria-required=\"true\" aria-invalid=\"false\" name=\"Jahrgang\"><option value=\"2019\">2019<\/option><option value=\"2018\">2018<\/option><option value=\"2017\">2017<\/option><option value=\"2016\">2016<\/option><option value=\"2015\">2015<\/option><option value=\"2014\">2014<\/option><option value=\"2013\">2013<\/option><option value=\"2012\">2012<\/option><option value=\"2011\">2011<\/option><option value=\"2010\">2010<\/option><option value=\"2009\">2009<\/option><option value=\"2008\">2008<\/option><option value=\"2007\">2007<\/option><option value=\"2006\">2006<\/option><option value=\"2005\">2005<\/option><option value=\"2004\">2004<\/option><option value=\"2003\">2003<\/option><option value=\"2002\">2002<\/option><option value=\"2001\">2001<\/option><option value=\"2000\">2000<\/option><option value=\"1999\">1999<\/option><option value=\"1998\">1998<\/option><option value=\"1997\">1997<\/option><option value=\"1996\">1996<\/option><option value=\"1995\">1995<\/option><option value=\"1994\">1994<\/option><option value=\"1993\">1993<\/option><option value=\"1992\">1992<\/option><\/select><\/span>\n<\/p>\n<p>(Price: CHF 130.- \/ f\u00fcr students: CHF 100.-)\n<\/p>\n<p>Company:\n<\/p>\n<p><span class=\"wpcf7-form-control-wrap\" data-name=\"company\"><input size=\"40\" maxlength=\"400\" class=\"wpcf7-form-control wpcf7-text\" aria-invalid=\"false\" value=\"\" type=\"text\" name=\"company\" \/><\/span>\n<\/p>\n<p>Your Name:*\n<\/p>\n<p><span class=\"wpcf7-form-control-wrap\" data-name=\"your-name\"><input size=\"40\" maxlength=\"400\" class=\"wpcf7-form-control wpcf7-text wpcf7-validates-as-required\" aria-required=\"true\" aria-invalid=\"false\" value=\"\" type=\"text\" name=\"your-name\" \/><\/span>\n<\/p>\n<p>Street:*\n<\/p>\n<p><span class=\"wpcf7-form-control-wrap\" data-name=\"street\"><input size=\"40\" maxlength=\"400\" class=\"wpcf7-form-control wpcf7-text wpcf7-validates-as-required\" aria-required=\"true\" aria-invalid=\"false\" value=\"\" type=\"text\" name=\"street\" \/><\/span>\n<\/p>\n<p>PC:*\n<\/p>\n<p><span class=\"wpcf7-form-control-wrap\" data-name=\"pc\"><input size=\"40\" maxlength=\"400\" class=\"wpcf7-form-control wpcf7-text wpcf7-validates-as-required\" aria-required=\"true\" aria-invalid=\"false\" value=\"\" type=\"text\" name=\"pc\" \/><\/span>\n<\/p>\n<p>Place:*\n<\/p>\n<p><span class=\"wpcf7-form-control-wrap\" data-name=\"place\"><input size=\"40\" maxlength=\"400\" class=\"wpcf7-form-control wpcf7-text wpcf7-validates-as-required\" aria-required=\"true\" aria-invalid=\"false\" value=\"\" type=\"text\" name=\"place\" \/><\/span>\n<\/p>\n<p>Student discount (if marked: submit copy of a certification)<br \/>\n<span class=\"wpcf7-form-control-wrap\" data-name=\"student\"><span class=\"wpcf7-form-control wpcf7-checkbox\"><span class=\"wpcf7-list-item first last\"><input type=\"checkbox\" name=\"student[]\" value=\"Yes\" \/><span class=\"wpcf7-list-item-label\">Yes<\/span><\/span><\/span><\/span>\n<\/p>\n<p>Certification:\n<\/p>\n<p><span class=\"wpcf7-form-control-wrap\" data-name=\"UploadResume\"><input size=\"40\" class=\"wpcf7-form-control wpcf7-file\" accept=\".fdp,.jpg,.jpeg,.png\" aria-invalid=\"false\" type=\"file\" name=\"UploadResume\" \/><\/span>\n<\/p>\n<p>Your Email: (required)\n<\/p>\n<p><span class=\"wpcf7-form-control-wrap\" data-name=\"your-email\"><input size=\"40\" maxlength=\"400\" class=\"wpcf7-form-control wpcf7-email wpcf7-validates-as-required wpcf7-text wpcf7-validates-as-email\" aria-required=\"true\" aria-invalid=\"false\" value=\"\" type=\"email\" name=\"your-email\" \/><\/span>\n<\/p>\n\n<p><span class=\"wpcf7-form-control-wrap\" data-name=\"Datenschutz\"><span class=\"wpcf7-form-control wpcf7-acceptance\"><span class=\"wpcf7-list-item\"><label><input type=\"checkbox\" name=\"Datenschutz\" value=\"1\" aria-invalid=\"false\" \/><span class=\"wpcf7-list-item-label\">I agree to the <a href=\"\/impressum\" target=\"_blank\" rel=\"nofollow\">privacy policy<\/a><\/span><\/label><\/span><\/span><\/span>\n<\/p>\n<p><input class=\"wpcf7-form-control wpcf7-submit has-spinner\" type=\"submit\" value=\"Send\" \/>\n<\/p><div class=\"fusion-alert alert custom alert-custom fusion-alert-center wpcf7-response-output awb-alert-native-link-color alert-dismissable awb-alert-close-boxed\" style=\"--awb-border-top-left-radius:0px;--awb-border-top-right-radius:0px;--awb-border-bottom-left-radius:0px;--awb-border-bottom-right-radius:0px;\" role=\"alert\"><div class=\"fusion-alert-content-wrapper\"><span class=\"fusion-alert-content\"><\/span><\/div><button type=\"button\" class=\"close toggle-alert\" data-dismiss=\"alert\" aria-label=\"Close\">&times;<\/button><\/div>\n<\/form>\n<\/div>\n\n<\/div><\/div><\/div><div class=\"fusion-clearfix\"><\/div><\/div><\/div><\/div><\/div>\n","protected":false},"excerpt":{"rendered":"","protected":false},"author":3,"featured_media":0,"parent":0,"menu_order":0,"comment_status":"open","ping_status":"open","template":"","meta":{"footnotes":""},"class_list":["post-12","page","type-page","status-publish","hentry"],"_links":{"self":[{"href":"https:\/\/swissintertax.ch\/en\/wp-json\/wp\/v2\/pages\/12","targetHints":{"allow":["GET"]}}],"collection":[{"href":"https:\/\/swissintertax.ch\/en\/wp-json\/wp\/v2\/pages"}],"about":[{"href":"https:\/\/swissintertax.ch\/en\/wp-json\/wp\/v2\/types\/page"}],"author":[{"embeddable":true,"href":"https:\/\/swissintertax.ch\/en\/wp-json\/wp\/v2\/users\/3"}],"replies":[{"embeddable":true,"href":"https:\/\/swissintertax.ch\/en\/wp-json\/wp\/v2\/comments?post=12"}],"version-history":[{"count":4,"href":"https:\/\/swissintertax.ch\/en\/wp-json\/wp\/v2\/pages\/12\/revisions"}],"predecessor-version":[{"id":81,"href":"https:\/\/swissintertax.ch\/en\/wp-json\/wp\/v2\/pages\/12\/revisions\/81"}],"wp:attachment":[{"href":"https:\/\/swissintertax.ch\/en\/wp-json\/wp\/v2\/media?parent=12"}],"curies":[{"name":"wp","href":"https:\/\/api.w.org\/{rel}","templated":true}]}}